{"id":371,"date":"2025-10-18T18:16:04","date_gmt":"2025-10-18T16:16:04","guid":{"rendered":"https:\/\/dev.scsbad67.fr\/?page_id=371"},"modified":"2026-03-29T20:07:34","modified_gmt":"2026-03-29T18:07:34","slug":"equipes","status":"publish","type":"page","link":"https:\/\/dev.scsbad67.fr\/index.php\/equipes\/","title":{"rendered":"\u00c9quipes"},"content":{"rendered":"\t\t<div data-elementor-type=\"wp-page\" data-elementor-id=\"371\" class=\"elementor elementor-371\">\n\t\t\t\t<div class=\"elementor-element elementor-element-613bfd88 e-con-full animated-fast e-flex elementor-invisible e-con e-parent\" data-id=\"613bfd88\" data-element_type=\"container\" data-settings=\"{&quot;animation&quot;:&quot;fadeIn&quot;}\">\n\t\t\t\t<div class=\"elementor-element elementor-element-1462eec9 elementor-widget elementor-widget-flex-hero\" data-id=\"1462eec9\" data-element_type=\"widget\" data-settings=\"{&quot;layout_preset&quot;:&quot;storytelling&quot;,&quot;box_shape&quot;:&quot;custom&quot;,&quot;primary_button_shape&quot;:&quot;default&quot;,&quot;image_shape&quot;:&quot;sharp&quot;}\" data-widget_type=\"flex-hero.default\">\n\t\t\t\t<div class=\"elementor-widget-container\">\n\t\t\t\t\t\t\t<div class=\"has-shape-custom shape-type-box ehp-flex-hero has-layout-preset-storytelling\">\n\t\t\t\t\t\t<div class=\"ehp-flex-hero__overlay\"><\/div>\n\t\t\t<div class=\"ehp-flex-hero__content-container\">\n\t\t\t\t<p class=\"ehp-flex-hero__intro\">INTERCLUBS<\/p><h2 class=\"ehp-flex-hero__heading\">D\u00c9COUVREZ TOUS NOS COMP\u00c9TITEURS<\/h2><h3 class=\"ehp-flex-hero__subheading\">Nos 4 \u00e9quipes sont inscrites dans diff\u00e9rentes divisions<\/br> de d\u00e9partementale 5 \u00e0 r\u00e9gionale 2<\/h3>\t\t\t<div class=\"ehp-flex-hero__ctas-container\">\n\t\t\t\t\t\t\t\t\t\t\t<\/div>\n\t\t\t\t\t<\/div>\n\t\t\t\t<div class=\"ehp-flex-hero__image-wrapper\">\n\t\t\t\t<\/div>\n\t\t\t\t<\/div>\n\t\t\t\t\t\t<\/div>\n\t\t\t\t<\/div>\n\t\t\t\t<\/div>\n\t\t<div class=\"elementor-element elementor-element-1ac74594 e-con-full animated-fast e-flex elementor-invisible e-con e-parent\" data-id=\"1ac74594\" data-element_type=\"container\" data-settings=\"{&quot;animation&quot;:&quot;fadeIn&quot;,&quot;background_background&quot;:&quot;classic&quot;}\">\n\t\t<div class=\"elementor-element elementor-element-66a39acd e-flex e-con-boxed e-con e-child\" data-id=\"66a39acd\" data-element_type=\"container\">\n\t\t\t\t\t<div class=\"e-con-inner\">\n\t\t\t\t<div class=\"elementor-element elementor-element-610e371 elementor-widget elementor-widget-flex-hero\" data-id=\"610e371\" data-element_type=\"widget\" data-settings=\"{&quot;layout_column_structure&quot;:&quot;33-66&quot;,&quot;image_shape&quot;:&quot;rounded&quot;,&quot;layout_preset&quot;:&quot;showcase&quot;,&quot;layout_image_position&quot;:&quot;end&quot;,&quot;primary_button_shape&quot;:&quot;default&quot;,&quot;box_shape&quot;:&quot;sharp&quot;}\" data-widget_type=\"flex-hero.default\">\n\t\t\t\t<div class=\"elementor-widget-container\">\n\t\t\t\t\t\t\t<div class=\"has-shape-sharp shape-type-box has-column-structure-33-66  ehp-flex-hero has-layout-preset-showcase has-image-stretch has-image-position-end\">\n\t\t\t\t\t\t<div class=\"ehp-flex-hero__overlay\"><\/div>\n\t\t\t<div class=\"ehp-flex-hero__content-container\">\n\t\t\t\t<p class=\"ehp-flex-hero__intro\">R\u00c9GIONALE 2<\/p><h2 class=\"ehp-flex-hero__heading\">\u00c9QUIPE 1<\/h2>\t\t\t<div class=\"ehp-flex-hero__ctas-container\">\n\t\t\t\t\t\t<a class=\"has-shape-default shape-type-button ehp-button ehp-button--primary ehp-flex-hero__button ehp-flex-hero__button--primary is-type-button has-border\" href=\"https:\/\/icbad.ffbad.org\/competition\/2500934\/tableau\/14231\">\n\t\t\t\t\t<span class=\"ehp-button__text ehp-flex-hero__button-text ehp-flex-hero__button-text--primary\">\n\t\t\tR\u00c9SULTATS\t\t\t\t<\/a>\n\t\t\t\t\t\t\t\t\t<\/div>\n\t\t\t\t\t<\/div>\n\t\t\t\t<div class=\"ehp-flex-hero__image-wrapper\">\n\t\t\t\t\t<div class=\"ehp-image ehp-flex-hero__image-container\">\n\t\t\t\t<img decoding=\"async\" class=\"ehp-image__img ehp-flex-hero__img has-shape-rounded shape-type-image\" src=\"https:\/\/dev.scsbad67.fr\/wp-content\/uploads\/2025\/10\/DSC_0032_HD_web.jpg\" title=\"DSC_0032_HD_web\" alt=\"DSC_0032_HD_web\" loading=\"lazy\" \/>\t\t\t<\/div>\n\t\t\t\t\t<\/div>\n\t\t\t\t<\/div>\n\t\t\t\t\t\t<\/div>\n\t\t\t\t<\/div>\n\t\t\t\t\t<\/div>\n\t\t\t\t<\/div>\n\t\t\t\t<\/div>\n\t\t<div class=\"elementor-element elementor-element-398ce576 e-con-full animated-fast e-flex elementor-invisible e-con e-parent\" data-id=\"398ce576\" data-element_type=\"container\" data-settings=\"{&quot;animation&quot;:&quot;fadeIn&quot;}\">\n\t\t\t\t<div class=\"elementor-element elementor-element-7b79043d elementor-widget elementor-widget-flex-hero\" data-id=\"7b79043d\" data-element_type=\"widget\" data-settings=\"{&quot;image_shape&quot;:&quot;custom&quot;,&quot;layout_column_structure&quot;:&quot;33-66&quot;,&quot;layout_image_position_mobile&quot;:&quot;end&quot;,&quot;layout_preset&quot;:&quot;showcase&quot;,&quot;layout_image_position&quot;:&quot;end&quot;,&quot;primary_button_shape&quot;:&quot;default&quot;,&quot;box_shape&quot;:&quot;sharp&quot;}\" data-widget_type=\"flex-hero.default\">\n\t\t\t\t<div class=\"elementor-widget-container\">\n\t\t\t\t\t\t\t<div class=\"has-shape-sharp shape-type-box has-column-structure-33-66  ehp-flex-hero has-layout-preset-showcase has-image-stretch has-image-position-end has-image-position-sm-end\">\n\t\t\t\t\t\t<div class=\"ehp-flex-hero__overlay\"><\/div>\n\t\t\t<div class=\"ehp-flex-hero__content-container\">\n\t\t\t\t<p class=\"ehp-flex-hero__intro\">D\u00c9PARTEMENTALE 1<\/p><h2 class=\"ehp-flex-hero__heading\">\u00c9QUIPE 2<\/h2>\t\t\t<div class=\"ehp-flex-hero__ctas-container\">\n\t\t\t\t\t\t<a class=\"has-shape-default shape-type-button ehp-button ehp-button--primary ehp-flex-hero__button ehp-flex-hero__button--primary is-type-button\" href=\"https:\/\/icbad.ffbad.org\/competition\/2501961\/tableau\/14445\">\n\t\t\t\t\t<span class=\"ehp-button__text ehp-flex-hero__button-text ehp-flex-hero__button-text--primary\">\n\t\t\tR\u00c9SULTATS\t\t\t\t<\/a>\n\t\t\t\t\t\t\t\t\t<\/div>\n\t\t\t\t\t<\/div>\n\t\t\t\t<div class=\"ehp-flex-hero__image-wrapper\">\n\t\t\t\t\t<div class=\"ehp-image ehp-flex-hero__image-container\">\n\t\t\t\t<img decoding=\"async\" class=\"ehp-image__img ehp-flex-hero__img has-shape-custom shape-type-image\" src=\"https:\/\/dev.scsbad67.fr\/wp-content\/uploads\/2025\/10\/DSC_0037_HD_web.jpg\" title=\"DSC_0037_HD_web\" alt=\"DSC_0037_HD_web\" loading=\"lazy\" \/>\t\t\t<\/div>\n\t\t\t\t\t<\/div>\n\t\t\t\t<\/div>\n\t\t\t\t\t\t<\/div>\n\t\t\t\t<\/div>\n\t\t\t\t<\/div>\n\t\t<div class=\"elementor-element elementor-element-def581e e-con-full animated-fast e-flex elementor-invisible e-con e-parent\" data-id=\"def581e\" data-element_type=\"container\" data-settings=\"{&quot;animation&quot;:&quot;fadeIn&quot;,&quot;background_background&quot;:&quot;classic&quot;}\">\n\t\t<div class=\"elementor-element elementor-element-de5aa0e e-flex e-con-boxed e-con e-child\" data-id=\"de5aa0e\" data-element_type=\"container\">\n\t\t\t\t\t<div class=\"e-con-inner\">\n\t\t\t\t<div class=\"elementor-element elementor-element-1cdf023 elementor-widget elementor-widget-flex-hero\" data-id=\"1cdf023\" data-element_type=\"widget\" data-settings=\"{&quot;layout_column_structure&quot;:&quot;33-66&quot;,&quot;image_shape&quot;:&quot;rounded&quot;,&quot;layout_preset&quot;:&quot;showcase&quot;,&quot;layout_image_position&quot;:&quot;end&quot;,&quot;primary_button_shape&quot;:&quot;default&quot;,&quot;box_shape&quot;:&quot;sharp&quot;}\" data-widget_type=\"flex-hero.default\">\n\t\t\t\t<div class=\"elementor-widget-container\">\n\t\t\t\t\t\t\t<div class=\"has-shape-sharp shape-type-box has-column-structure-33-66  ehp-flex-hero has-layout-preset-showcase has-image-stretch has-image-position-end\">\n\t\t\t\t\t\t<div class=\"ehp-flex-hero__overlay\"><\/div>\n\t\t\t<div class=\"ehp-flex-hero__content-container\">\n\t\t\t\t<p class=\"ehp-flex-hero__intro\">D\u00c9PARTEMENTALE 3<\/p><h2 class=\"ehp-flex-hero__heading\">\u00c9QUIPE 3<\/h2>\t\t\t<div class=\"ehp-flex-hero__ctas-container\">\n\t\t\t\t\t\t<a class=\"has-shape-default shape-type-button ehp-button ehp-button--primary ehp-flex-hero__button ehp-flex-hero__button--primary is-type-button has-border\" href=\"https:\/\/icbad.ffbad.org\/competition\/2501963\/tableau\/14501\">\n\t\t\t\t\t<span class=\"ehp-button__text ehp-flex-hero__button-text ehp-flex-hero__button-text--primary\">\n\t\t\tR\u00c9SULTATS\t\t\t\t<\/a>\n\t\t\t\t\t\t\t\t\t<\/div>\n\t\t\t\t\t<\/div>\n\t\t\t\t<div class=\"ehp-flex-hero__image-wrapper\">\n\t\t\t\t\t<div class=\"ehp-image ehp-flex-hero__image-container\">\n\t\t\t\t<img decoding=\"async\" class=\"ehp-image__img ehp-flex-hero__img has-shape-rounded shape-type-image\" src=\"https:\/\/dev.scsbad67.fr\/wp-content\/uploads\/2025\/10\/DSC_0042_HD_web.jpg\" title=\"DSC_0042_HD_web\" alt=\"DSC_0042_HD_web\" loading=\"lazy\" \/>\t\t\t<\/div>\n\t\t\t\t\t<\/div>\n\t\t\t\t<\/div>\n\t\t\t\t\t\t<\/div>\n\t\t\t\t<\/div>\n\t\t\t\t\t<\/div>\n\t\t\t\t<\/div>\n\t\t\t\t<\/div>\n\t\t<div class=\"elementor-element elementor-element-9c9f389 e-con-full animated-fast e-flex elementor-invisible e-con e-parent\" data-id=\"9c9f389\" data-element_type=\"container\" data-settings=\"{&quot;animation&quot;:&quot;fadeIn&quot;}\">\n\t\t\t\t<div class=\"elementor-element elementor-element-f4b38c6 elementor-widget elementor-widget-flex-hero\" data-id=\"f4b38c6\" data-element_type=\"widget\" data-settings=\"{&quot;image_shape&quot;:&quot;custom&quot;,&quot;layout_column_structure&quot;:&quot;33-66&quot;,&quot;layout_image_position_mobile&quot;:&quot;end&quot;,&quot;layout_preset&quot;:&quot;showcase&quot;,&quot;layout_image_position&quot;:&quot;end&quot;,&quot;primary_button_shape&quot;:&quot;default&quot;,&quot;box_shape&quot;:&quot;sharp&quot;}\" data-widget_type=\"flex-hero.default\">\n\t\t\t\t<div class=\"elementor-widget-container\">\n\t\t\t\t\t\t\t<div class=\"has-shape-sharp shape-type-box has-column-structure-33-66  ehp-flex-hero has-layout-preset-showcase has-image-stretch has-image-position-end has-image-position-sm-end\">\n\t\t\t\t\t\t<div class=\"ehp-flex-hero__overlay\"><\/div>\n\t\t\t<div class=\"ehp-flex-hero__content-container\">\n\t\t\t\t<p class=\"ehp-flex-hero__intro\">D\u00c9PARTEMENTALE 5<\/p><h2 class=\"ehp-flex-hero__heading\">\u00c9QUIPE 4<\/h2>\t\t\t<div class=\"ehp-flex-hero__ctas-container\">\n\t\t\t\t\t\t<a class=\"has-shape-default shape-type-button ehp-button ehp-button--primary ehp-flex-hero__button ehp-flex-hero__button--primary is-type-button\" href=\"https:\/\/icbad.ffbad.org\/competition\/2501965\/tableau\/14524\">\n\t\t\t\t\t<span class=\"ehp-button__text ehp-flex-hero__button-text ehp-flex-hero__button-text--primary\">\n\t\t\tR\u00c9SULTATS\t\t\t\t<\/a>\n\t\t\t\t\t\t\t\t\t<\/div>\n\t\t\t\t\t<\/div>\n\t\t\t\t<div class=\"ehp-flex-hero__image-wrapper\">\n\t\t\t\t\t<div class=\"ehp-image ehp-flex-hero__image-container\">\n\t\t\t\t<img decoding=\"async\" class=\"ehp-image__img ehp-flex-hero__img has-shape-custom shape-type-image\" src=\"https:\/\/dev.scsbad67.fr\/wp-content\/uploads\/2025\/10\/DSC_0028_HD_louisrouge_web.jpg\" title=\"DSC_0028_HD_louisrouge_web\" alt=\"DSC_0028_HD_louisrouge_web\" loading=\"lazy\" \/>\t\t\t<\/div>\n\t\t\t\t\t<\/div>\n\t\t\t\t<\/div>\n\t\t\t\t\t\t<\/div>\n\t\t\t\t<\/div>\n\t\t\t\t<\/div>\n\t\t\t\t<\/div>\n\t\t","protected":false},"excerpt":{"rendered":"<p>INTERCLUBS D\u00c9COUVREZ TOUS NOS COMP\u00c9TITEURS Nos 4 \u00e9quipes sont inscrites dans diff\u00e9rentes divisions de d\u00e9partementale 5 \u00e0 r\u00e9gionale 2 R\u00c9GIONALE 2 \u00c9QUIPE 1 R\u00c9SULTATS D\u00c9PARTEMENTALE 1 \u00c9QUIPE 2 R\u00c9SULTATS D\u00c9PARTEMENTALE 3 \u00c9QUIPE 3 R\u00c9SULTATS D\u00c9PARTEMENTALE 5 \u00c9QUIPE 4 R\u00c9SULTATS<\/p>\n","protected":false},"author":2,"featured_media":0,"parent":0,"menu_order":0,"comment_status":"closed","ping_status":"closed","template":"elementor_header_footer","meta":{"_eb_attr":"","footnotes":""},"class_list":["post-371","page","type-page","status-publish","hentry"],"_links":{"self":[{"href":"https:\/\/dev.scsbad67.fr\/index.php\/wp-json\/wp\/v2\/pages\/371","targetHints":{"allow":["GET"]}}],"collection":[{"href":"https:\/\/dev.scsbad67.fr\/index.php\/wp-json\/wp\/v2\/pages"}],"about":[{"href":"https:\/\/dev.scsbad67.fr\/index.php\/wp-json\/wp\/v2\/types\/page"}],"author":[{"embeddable":true,"href":"https:\/\/dev.scsbad67.fr\/index.php\/wp-json\/wp\/v2\/users\/2"}],"replies":[{"embeddable":true,"href":"https:\/\/dev.scsbad67.fr\/index.php\/wp-json\/wp\/v2\/comments?post=371"}],"version-history":[{"count":19,"href":"https:\/\/dev.scsbad67.fr\/index.php\/wp-json\/wp\/v2\/pages\/371\/revisions"}],"predecessor-version":[{"id":454,"href":"https:\/\/dev.scsbad67.fr\/index.php\/wp-json\/wp\/v2\/pages\/371\/revisions\/454"}],"wp:attachment":[{"href":"https:\/\/dev.scsbad67.fr\/index.php\/wp-json\/wp\/v2\/media?parent=371"}],"curies":[{"name":"wp","href":"https:\/\/api.w.org\/{rel}","templated":true}]}}