{"id":83,"date":"2025-09-14T20:12:26","date_gmt":"2025-09-14T18:12:26","guid":{"rendered":"https:\/\/dev.scsbad67.fr\/index.php\/contact\/"},"modified":"2026-03-29T20:23:15","modified_gmt":"2026-03-29T18:23:15","slug":"contact","status":"publish","type":"page","link":"https:\/\/dev.scsbad67.fr\/index.php\/contact\/","title":{"rendered":"Contact"},"content":{"rendered":"\t\t<div data-elementor-type=\"wp-page\" data-elementor-id=\"83\" class=\"elementor elementor-83\">\n\t\t\t\t<div class=\"elementor-element elementor-element-6c491e81 e-con-full animated-fast e-flex elementor-invisible e-con e-parent\" data-id=\"6c491e81\" data-element_type=\"container\" data-settings=\"{&quot;animation&quot;:&quot;fadeIn&quot;}\">\n\t\t\t\t<div class=\"elementor-element elementor-element-175c89eb elementor-widget elementor-widget-contact\" data-id=\"175c89eb\" data-element_type=\"widget\" data-settings=\"{&quot;map_shape&quot;:&quot;custom&quot;,&quot;box_shape&quot;:&quot;custom&quot;,&quot;layout_column_structure&quot;:&quot;50-50&quot;,&quot;map_position_horizontal&quot;:&quot;end&quot;,&quot;map_position_horizontal_tablet&quot;:&quot;end&quot;,&quot;map_position_horizontal_mobile&quot;:&quot;end&quot;}\" data-widget_type=\"contact.default\">\n\t\t\t\t<div class=\"elementor-widget-container\">\n\t\t\t\t\t\t\t<div class=\"has-shape-custom shape-type-box ehp-contact has-preset-locate\">\n\t\t\t<div class=\"ehp-contact__overlay\"><\/div>\n\t\t\t<div class=\"has-column-structure-50-50  ehp-contact__elements-container has-map-h-position-end has-map-h-position-md-end has-map-h-position-sm-end\">\n\t\t\t\t\t\t<div class=\"ehp-contact__text-container\">\n\t\t\t<div class=\"ehp-contact__headings\">\n\t\t\t\t<h2 class=\"ehp-contact__heading\">CONTACTEZ-NOUS !<\/h2><p class=\"ehp-contact__description\">Des questions sur notre club ou l'inscription ? N'h\u00e9sitez pas \u00e0 nous contacter ! Nouos vous r\u00e9pondrons dans les plus brefs d\u00e9lais.<\/p>\t\t\t<\/div>\n\t\t\t<div class=\"ehp-contact__groups\">\n\t\t\t\t\t\t<div class=\"ehp-contact__group\">\n\t\t\t<h3 class=\"ehp-contact__subheading\">Discutons !<\/h3>\t\t<div class=\"ehp-contact__links-container\">\n\t\t\t\t\t\t\t<a aria-label=\"06 36 95 26 10\" class=\"ehp-contact__contact-link\" href=\"tel:0636952610\" rel=\"noopener noreferrer\">\n\t\t\t\t\t<svg aria-hidden=\"true\" class=\"ehp-contact__contact-link-icon e-font-icon-svg e-fas-phone-alt\" viewBox=\"0 0 512 512\" xmlns=\"http:\/\/www.w3.org\/2000\/svg\"><path d=\"M497.39 361.8l-112-48a24 24 0 0 0-28 6.9l-49.6 60.6A370.66 370.66 0 0 1 130.6 204.11l60.6-49.6a23.94 23.94 0 0 0 6.9-28l-48-112A24.16 24.16 0 0 0 122.6.61l-104 24A24 24 0 0 0 0 48c0 256.5 207.9 464 464 464a24 24 0 0 0 23.4-18.6l24-104a24.29 24.29 0 0 0-14.01-27.6z\"><\/path><\/svg><span class=\"ehp-contact__contact-link-label\">06 36 95 26 10<\/span>\t\t\t\t<\/a>\n\t\t\t\t\t\t\t\t<a aria-label=\"scsbad67@gmail.com\" class=\"ehp-contact__contact-link\" href=\"mailto:scsbad67@gmail.com\" rel=\"noopener noreferrer\">\n\t\t\t\t\t<svg aria-hidden=\"true\" class=\"ehp-contact__contact-link-icon e-font-icon-svg e-fas-envelope\" viewBox=\"0 0 512 512\" xmlns=\"http:\/\/www.w3.org\/2000\/svg\"><path d=\"M502.3 190.8c3.9-3.1 9.7-.2 9.7 4.7V400c0 26.5-21.5 48-48 48H48c-26.5 0-48-21.5-48-48V195.6c0-5 5.7-7.8 9.7-4.7 22.4 17.4 52.1 39.5 154.1 113.6 21.1 15.4 56.7 47.8 92.2 47.6 35.7.3 72-32.8 92.3-47.6 102-74.1 131.6-96.3 154-113.7zM256 320c23.2.4 56.6-29.2 73.4-41.4 132.7-96.3 142.8-104.7 173.4-128.7 5.8-4.5 9.2-11.5 9.2-18.9v-19c0-26.5-21.5-48-48-48H48C21.5 64 0 85.5 0 112v19c0 7.4 3.4 14.3 9.2 18.9 30.6 23.9 40.7 32.4 173.4 128.7 16.8 12.2 50.2 41.8 73.4 41.4z\"><\/path><\/svg><span class=\"ehp-contact__contact-link-label\">scsbad67@gmail.com<\/span>\t\t\t\t<\/a>\n\t\t\t\t\t\t<\/div>\n\t\t\t\t<\/div>\n\t\t\t\t<div class=\"ehp-contact__group\">\n\t\t\t<h3 class=\"ehp-contact__subheading\">Horaires<\/h3><p class=\"ehp-contact__contact-text\">Lundi 20:30 - 23:00 <\/br>\nMardi  20:00 - 23:00<\/br>\nMercredi 16:00 - 19:00<\/br>\nJeudi 20:30 - 23:00<\/br>\nVendredi &amp; samedi FERM\u00c9<\/br>\nDimanche 10:00 - 12:00<\/br><\/p>\t\t<\/div>\n\t\t\t\t\t<\/div>\n\t\t<\/div>\n\t\t\t\t<div class=\"ehp-contact__map-container\">\n\t\t\t<div class=\"has-shape-custom shape-type-map ehp-contact__map elementor-custom-embed\">\n\t\t\t\t<iframe loading=\"lazy\"\n\t\t\t\t\t\tsrc=\"https:\/\/maps.google.com\/maps?q=Espace%20Charlemagne&#038;t=m&#038;z=14&#038;output=embed&#038;iwloc=near\"\n\t\t\t\t\t\ttitle=\"Espace Charlemagne\"\n\t\t\t\t\t\taria-label=\"Espace Charlemagne\"\n\t\t\t\t><\/iframe>\n\t\t\t<\/div>\n\t\t<\/div>\n\t\t\t\t\t<\/div>\n\t\t<\/div>\n\t\t\t\t\t\t<\/div>\n\t\t\t\t<\/div>\n\t\t\t\t<\/div>\n\t\t\t\t<\/div>\n\t\t","protected":false},"excerpt":{"rendered":"<p>CONTACTEZ-NOUS ! Des questions sur notre club ou l&rsquo;inscription ? N&rsquo;h\u00e9sitez pas \u00e0 nous contacter ! Nouos vous r\u00e9pondrons dans les plus brefs d\u00e9lais. Discutons ! 06 36 95 26 10 scsbad67@gmail.com Horaires Lundi 20:30 &#8211; 23:00 Mardi 20:00 &#8211; 23:00 Mercredi 16:00 &#8211; 19:00 Jeudi 20:30 &#8211; 23:00 Vendredi &amp; samedi FERM\u00c9 Dimanche 10:00 [&hellip;]<\/p>\n","protected":false},"author":2,"featured_media":0,"parent":0,"menu_order":0,"comment_status":"closed","ping_status":"closed","template":"elementor_header_footer","meta":{"_eb_attr":"","footnotes":""},"class_list":["post-83","page","type-page","status-publish","hentry"],"_links":{"self":[{"href":"https:\/\/dev.scsbad67.fr\/index.php\/wp-json\/wp\/v2\/pages\/83","targetHints":{"allow":["GET"]}}],"collection":[{"href":"https:\/\/dev.scsbad67.fr\/index.php\/wp-json\/wp\/v2\/pages"}],"about":[{"href":"https:\/\/dev.scsbad67.fr\/index.php\/wp-json\/wp\/v2\/types\/page"}],"author":[{"embeddable":true,"href":"https:\/\/dev.scsbad67.fr\/index.php\/wp-json\/wp\/v2\/users\/2"}],"replies":[{"embeddable":true,"href":"https:\/\/dev.scsbad67.fr\/index.php\/wp-json\/wp\/v2\/comments?post=83"}],"version-history":[{"count":25,"href":"https:\/\/dev.scsbad67.fr\/index.php\/wp-json\/wp\/v2\/pages\/83\/revisions"}],"predecessor-version":[{"id":481,"href":"https:\/\/dev.scsbad67.fr\/index.php\/wp-json\/wp\/v2\/pages\/83\/revisions\/481"}],"wp:attachment":[{"href":"https:\/\/dev.scsbad67.fr\/index.php\/wp-json\/wp\/v2\/media?parent=83"}],"curies":[{"name":"wp","href":"https:\/\/api.w.org\/{rel}","templated":true}]}}